{"id":6213,"date":"2026-04-05T16:26:27","date_gmt":"2026-04-05T14:26:27","guid":{"rendered":"https:\/\/2beeparents.pt\/?page_id=6213"},"modified":"2026-04-06T17:33:49","modified_gmt":"2026-04-06T15:33:49","slug":"conteudo-restrito","status":"publish","type":"page","link":"https:\/\/2beeparents.pt\/en\/conteudo-restrito\/","title":{"rendered":"Conte\u00fado Restrito"},"content":{"rendered":"<div data-elementor-type=\"wp-page\" data-elementor-id=\"6213\" class=\"elementor elementor-6213\" data-elementor-post-type=\"page\">\n\t\t\t\t<div class=\"elementor-element elementor-element-76fe2ff e-flex e-con-boxed wpr-particle-no wpr-jarallax-no wpr-parallax-no wpr-sticky-section-no wpr-equal-height-no e-con e-parent\" data-id=\"76fe2ff\" data-element_type=\"container\" data-e-type=\"container\">\n\t\t\t\t\t<div class=\"e-con-inner\">\n\t\t\t\t<div class=\"elementor-element elementor-element-5fedbf0 elementor-widget elementor-widget-image\" data-id=\"5fedbf0\" data-element_type=\"widget\" data-e-type=\"widget\" data-widget_type=\"image.default\">\n\t\t\t\t<div class=\"elementor-widget-container\">\n\t\t\t\t\t\t\t\t\t\t\t\t\t\t\t<img fetchpriority=\"high\" decoding=\"async\" width=\"512\" height=\"512\" src=\"https:\/\/2beeparents.pt\/wp-content\/uploads\/2026\/04\/about.png\" class=\"attachment-large size-large wp-image-6215\" alt=\"\" srcset=\"https:\/\/2beeparents.pt\/wp-content\/uploads\/2026\/04\/about.png 512w, https:\/\/2beeparents.pt\/wp-content\/uploads\/2026\/04\/about-300x300.png 300w, https:\/\/2beeparents.pt\/wp-content\/uploads\/2026\/04\/about-150x150.png 150w, https:\/\/2beeparents.pt\/wp-content\/uploads\/2026\/04\/about-12x12.png 12w\" sizes=\"(max-width: 512px) 100vw, 512px\" \/>\t\t\t\t\t\t\t\t\t\t\t\t\t\t\t<\/div>\n\t\t\t\t<\/div>\n\t\t\t\t<div class=\"elementor-element elementor-element-4595ad9 elementor-widget elementor-widget-heading\" data-id=\"4595ad9\" data-element_type=\"widget\" data-e-type=\"widget\" data-widget_type=\"heading.default\">\n\t\t\t\t<div class=\"elementor-widget-container\">\n\t\t\t\t\t<h2 class=\"elementor-heading-title elementor-size-default\">Este conte\u00fado est\u00e1 dispon\u00edvel apenas para membros 2BeeParents.<\/h2>\t\t\t\t<\/div>\n\t\t\t\t<\/div>\n\t\t<div class=\"elementor-element elementor-element-3a946fa e-flex e-con-boxed wpr-particle-no wpr-jarallax-no wpr-parallax-no wpr-sticky-section-no wpr-equal-height-no e-con e-child\" data-id=\"3a946fa\" data-element_type=\"container\" data-e-type=\"container\">\n\t\t\t\t\t<div class=\"e-con-inner\">\n\t\t\t\t<div class=\"elementor-element elementor-element-04ce39b elementor-widget elementor-widget-heading\" data-id=\"04ce39b\" data-element_type=\"widget\" data-e-type=\"widget\" data-widget_type=\"heading.default\">\n\t\t\t\t<div class=\"elementor-widget-container\">\n\t\t\t\t\t<h2 class=\"elementor-heading-title elementor-size-default\">Inicie sess\u00e3o para aceder.<\/h2>\t\t\t\t<\/div>\n\t\t\t\t<\/div>\n\t\t<div class=\"elementor-element elementor-element-3d41a5b e-con-full e-flex wpr-particle-no wpr-jarallax-no wpr-parallax-no wpr-sticky-section-no wpr-equal-height-no e-con e-child\" data-id=\"3d41a5b\" data-element_type=\"container\" data-e-type=\"container\">\n\t\t<div class=\"elementor-element elementor-element-aae93fd e-grid e-con-full wpr-particle-no wpr-jarallax-no wpr-parallax-no wpr-sticky-section-no wpr-equal-height-no e-con e-child\" data-id=\"aae93fd\" data-element_type=\"container\" data-e-type=\"container\">\n\t\t\t\t<div class=\"elementor-element elementor-element-adb1185 elementor-widget elementor-widget-heading\" data-id=\"adb1185\" data-element_type=\"widget\" data-e-type=\"widget\" data-widget_type=\"heading.default\">\n\t\t\t\t<div class=\"elementor-widget-container\">\n\t\t\t\t\t<h2 class=\"elementor-heading-title elementor-size-default\">J\u00e1 \u00e9 membro?<\/h2>\t\t\t\t<\/div>\n\t\t\t\t<\/div>\n\t\t\t\t<div class=\"elementor-element elementor-element-fc2e1d7 elementor-align-center elementor-widget elementor-widget-button\" data-id=\"fc2e1d7\" data-element_type=\"widget\" data-e-type=\"widget\" data-widget_type=\"button.default\">\n\t\t\t\t<div class=\"elementor-widget-container\">\n\t\t\t\t\t\t\t\t\t<div class=\"elementor-button-wrapper\">\n\t\t\t\t\t<a class=\"elementor-button elementor-button-link elementor-size-sm\" href=\"https:\/\/2beeparents.pt\/wp-admin\/\">\n\t\t\t\t\t\t<span class=\"elementor-button-content-wrapper\">\n\t\t\t\t\t\t\t\t\t<span class=\"elementor-button-text\">Fazer Login<\/span>\n\t\t\t\t\t<\/span>\n\t\t\t\t\t<\/a>\n\t\t\t\t<\/div>\n\t\t\t\t\t\t\t\t<\/div>\n\t\t\t\t<\/div>\n\t\t\t\t<div class=\"elementor-element elementor-element-2d87c14 elementor-widget elementor-widget-heading\" data-id=\"2d87c14\" data-element_type=\"widget\" data-e-type=\"widget\" data-widget_type=\"heading.default\">\n\t\t\t\t<div class=\"elementor-widget-container\">\n\t\t\t\t\t<h2 class=\"elementor-heading-title elementor-size-default\">Ou Inscreva-se.<\/h2>\t\t\t\t<\/div>\n\t\t\t\t<\/div>\n\t\t\t\t<div class=\"elementor-element elementor-element-67d8a6d elementor-align-center elementor-widget elementor-widget-button\" data-id=\"67d8a6d\" data-element_type=\"widget\" data-e-type=\"widget\" data-widget_type=\"button.default\">\n\t\t\t\t<div class=\"elementor-widget-container\">\n\t\t\t\t\t\t\t\t\t<div class=\"elementor-button-wrapper\">\n\t\t\t\t\t<a class=\"elementor-button elementor-button-link elementor-size-sm\" href=\"https:\/\/2beeparents.pt\/en\/tornar-se-membro\/\">\n\t\t\t\t\t\t<span class=\"elementor-button-content-wrapper\">\n\t\t\t\t\t\t\t\t\t<span class=\"elementor-button-text\">Tornar-se membro<\/span>\n\t\t\t\t\t<\/span>\n\t\t\t\t\t<\/a>\n\t\t\t\t<\/div>\n\t\t\t\t\t\t\t\t<\/div>\n\t\t\t\t<\/div>\n\t\t\t\t<\/div>\n\t\t\t\t<\/div>\n\t\t\t\t<div class=\"elementor-element elementor-element-a836c8e elementor-widget elementor-widget-heading\" data-id=\"a836c8e\" data-element_type=\"widget\" data-e-type=\"widget\" data-widget_type=\"heading.default\">\n\t\t\t\t<div class=\"elementor-widget-container\">\n\t\t\t\t\t<h2 class=\"elementor-heading-title elementor-size-default\"><a href=\"https:\/\/2beeparents.pt\/en\/\">Voltar para a Home<\/a><\/h2>\t\t\t\t<\/div>\n\t\t\t\t<\/div>\n\t\t\t\t\t<\/div>\n\t\t\t\t<\/div>\n\t\t\t\t\t<\/div>\n\t\t\t\t<\/div>\n\t\t\t\t<\/div>","protected":false},"excerpt":{"rendered":"<p>Este conte\u00fado est\u00e1 dispon\u00edvel apenas para membros 2BeeParents. Inicie sess\u00e3o para aceder. J\u00e1 \u00e9 membro? Fazer Login Ou Inscreva-se. Tornar-se membro Voltar para a Home Este conte\u00fado est\u00e1 dispon\u00edvel apenas para membros 2BeeParents do plano &#8220;Clareza em Profundidade&#8221; Renove a sua assinatura ou fa\u00e7a um upgrade da sua subscri\u00e7\u00e3o para ter acesso a este conte\u00fado. J\u00e1 \u00e9 membro? Renovar a subscri\u00e7\u00e3o Ou Inscreva-se. Fazer Upgrade Voltar para a Home<\/p>","protected":false},"author":1,"featured_media":0,"parent":0,"menu_order":0,"comment_status":"closed","ping_status":"closed","template":"elementor_header_footer","meta":{"nf_dc_page":"","footnotes":""},"class_list":["post-6213","page","type-page","status-publish","hentry"],"yoast_head":"<!-- This site is optimized with the Yoast SEO Premium plugin v27.1 (Yoast SEO v27.4) - https:\/\/yoast.com\/product\/yoast-seo-premium-wordpress\/ -->\n<title>Conte\u00fado Restrito - 2BeeParents<\/title>\n<meta name=\"robots\" content=\"index, follow, max-snippet:-1, max-image-preview:large, max-video-preview:-1\" \/>\n<link rel=\"canonical\" href=\"https:\/\/2beeparents.pt\/en\/conteudo-restrito\/\" \/>\n<meta property=\"og:locale\" content=\"en_US\" \/>\n<meta property=\"og:type\" content=\"article\" \/>\n<meta property=\"og:title\" content=\"Conte\u00fado Restrito\" \/>\n<meta property=\"og:description\" content=\"Este conte\u00fado est\u00e1 dispon\u00edvel apenas para membros 2BeeParents. Inicie sess\u00e3o para aceder. J\u00e1 \u00e9 membro? Fazer Login Ou Inscreva-se. Tornar-se membro Voltar para a Home Este conte\u00fado est\u00e1 dispon\u00edvel apenas para membros 2BeeParents do plano &#8220;Clareza em Profundidade&#8221; Renove a sua assinatura ou fa\u00e7a um upgrade da sua subscri\u00e7\u00e3o para ter acesso a este conte\u00fado. J\u00e1 \u00e9 membro? Renovar a subscri\u00e7\u00e3o Ou Inscreva-se. Fazer Upgrade Voltar para a Home\" \/>\n<meta property=\"og:url\" content=\"https:\/\/2beeparents.pt\/en\/conteudo-restrito\/\" \/>\n<meta property=\"og:site_name\" content=\"2BeeParents\" \/>\n<meta property=\"article:modified_time\" content=\"2026-04-06T15:33:49+00:00\" \/>\n<meta property=\"og:image\" content=\"https:\/\/2beeparents.pt\/wp-content\/uploads\/2026\/04\/about.png\" \/>\n<meta name=\"twitter:card\" content=\"summary_large_image\" \/>\n<meta name=\"twitter:label1\" content=\"Est. reading time\" \/>\n\t<meta name=\"twitter:data1\" content=\"1 minute\" \/>\n<script type=\"application\/ld+json\" class=\"yoast-schema-graph\">{\"@context\":\"https:\\\/\\\/schema.org\",\"@graph\":[{\"@type\":\"WebPage\",\"@id\":\"https:\\\/\\\/2beeparents.pt\\\/conteudo-restrito\\\/\",\"url\":\"https:\\\/\\\/2beeparents.pt\\\/conteudo-restrito\\\/\",\"name\":\"Conte\u00fado Restrito - 2BeeParents\",\"isPartOf\":{\"@id\":\"https:\\\/\\\/2beeparents.pt\\\/#website\"},\"primaryImageOfPage\":{\"@id\":\"https:\\\/\\\/2beeparents.pt\\\/conteudo-restrito\\\/#primaryimage\"},\"image\":{\"@id\":\"https:\\\/\\\/2beeparents.pt\\\/conteudo-restrito\\\/#primaryimage\"},\"thumbnailUrl\":\"https:\\\/\\\/2beeparents.pt\\\/wp-content\\\/uploads\\\/2026\\\/04\\\/about.png\",\"datePublished\":\"2026-04-05T14:26:27+00:00\",\"dateModified\":\"2026-04-06T15:33:49+00:00\",\"breadcrumb\":{\"@id\":\"https:\\\/\\\/2beeparents.pt\\\/conteudo-restrito\\\/#breadcrumb\"},\"inLanguage\":\"en-US\",\"potentialAction\":[{\"@type\":\"ReadAction\",\"target\":[\"https:\\\/\\\/2beeparents.pt\\\/conteudo-restrito\\\/\"]}]},{\"@type\":\"ImageObject\",\"inLanguage\":\"en-US\",\"@id\":\"https:\\\/\\\/2beeparents.pt\\\/conteudo-restrito\\\/#primaryimage\",\"url\":\"https:\\\/\\\/2beeparents.pt\\\/wp-content\\\/uploads\\\/2026\\\/04\\\/about.png\",\"contentUrl\":\"https:\\\/\\\/2beeparents.pt\\\/wp-content\\\/uploads\\\/2026\\\/04\\\/about.png\"},{\"@type\":\"BreadcrumbList\",\"@id\":\"https:\\\/\\\/2beeparents.pt\\\/conteudo-restrito\\\/#breadcrumb\",\"itemListElement\":[{\"@type\":\"ListItem\",\"position\":1,\"name\":\"Home\",\"item\":\"https:\\\/\\\/2beeparents.pt\\\/\"},{\"@type\":\"ListItem\",\"position\":2,\"name\":\"Conte\u00fado Restrito\"}]},{\"@type\":\"WebSite\",\"@id\":\"https:\\\/\\\/2beeparents.pt\\\/#website\",\"url\":\"https:\\\/\\\/2beeparents.pt\\\/\",\"name\":\"2BeeParents\",\"description\":\"\",\"publisher\":{\"@id\":\"https:\\\/\\\/2beeparents.pt\\\/#organization\"},\"potentialAction\":[{\"@type\":\"SearchAction\",\"target\":{\"@type\":\"EntryPoint\",\"urlTemplate\":\"https:\\\/\\\/2beeparents.pt\\\/?s={search_term_string}\"},\"query-input\":{\"@type\":\"PropertyValueSpecification\",\"valueRequired\":true,\"valueName\":\"search_term_string\"}}],\"inLanguage\":\"en-US\"},{\"@type\":\"Organization\",\"@id\":\"https:\\\/\\\/2beeparents.pt\\\/#organization\",\"name\":\"2BeeParents\",\"url\":\"https:\\\/\\\/2beeparents.pt\\\/\",\"logo\":{\"@type\":\"ImageObject\",\"inLanguage\":\"en-US\",\"@id\":\"https:\\\/\\\/2beeparents.pt\\\/#\\\/schema\\\/logo\\\/image\\\/\",\"url\":\"https:\\\/\\\/2beeparents.pt\\\/wp-content\\\/uploads\\\/2024\\\/11\\\/2-bee-parents.png\",\"contentUrl\":\"https:\\\/\\\/2beeparents.pt\\\/wp-content\\\/uploads\\\/2024\\\/11\\\/2-bee-parents.png\",\"width\":1000,\"height\":336,\"caption\":\"2BeeParents\"},\"image\":{\"@id\":\"https:\\\/\\\/2beeparents.pt\\\/#\\\/schema\\\/logo\\\/image\\\/\"}}]}<\/script>\n<!-- \/ Yoast SEO Premium plugin. -->","yoast_head_json":{"title":"Conte\u00fado Restrito - 2BeeParents","robots":{"index":"index","follow":"follow","max-snippet":"max-snippet:-1","max-image-preview":"max-image-preview:large","max-video-preview":"max-video-preview:-1"},"canonical":"https:\/\/2beeparents.pt\/en\/conteudo-restrito\/","og_locale":"en_US","og_type":"article","og_title":"Conte\u00fado Restrito","og_description":"Este conte\u00fado est\u00e1 dispon\u00edvel apenas para membros 2BeeParents. Inicie sess\u00e3o para aceder. J\u00e1 \u00e9 membro? Fazer Login Ou Inscreva-se. Tornar-se membro Voltar para a Home Este conte\u00fado est\u00e1 dispon\u00edvel apenas para membros 2BeeParents do plano &#8220;Clareza em Profundidade&#8221; Renove a sua assinatura ou fa\u00e7a um upgrade da sua subscri\u00e7\u00e3o para ter acesso a este conte\u00fado. J\u00e1 \u00e9 membro? Renovar a subscri\u00e7\u00e3o Ou Inscreva-se. Fazer Upgrade Voltar para a Home","og_url":"https:\/\/2beeparents.pt\/en\/conteudo-restrito\/","og_site_name":"2BeeParents","article_modified_time":"2026-04-06T15:33:49+00:00","og_image":[{"url":"https:\/\/2beeparents.pt\/wp-content\/uploads\/2026\/04\/about.png","type":"","width":"","height":""}],"twitter_card":"summary_large_image","twitter_misc":{"Est. reading time":"1 minute"},"schema":{"@context":"https:\/\/schema.org","@graph":[{"@type":"WebPage","@id":"https:\/\/2beeparents.pt\/conteudo-restrito\/","url":"https:\/\/2beeparents.pt\/conteudo-restrito\/","name":"Conte\u00fado Restrito - 2BeeParents","isPartOf":{"@id":"https:\/\/2beeparents.pt\/#website"},"primaryImageOfPage":{"@id":"https:\/\/2beeparents.pt\/conteudo-restrito\/#primaryimage"},"image":{"@id":"https:\/\/2beeparents.pt\/conteudo-restrito\/#primaryimage"},"thumbnailUrl":"https:\/\/2beeparents.pt\/wp-content\/uploads\/2026\/04\/about.png","datePublished":"2026-04-05T14:26:27+00:00","dateModified":"2026-04-06T15:33:49+00:00","breadcrumb":{"@id":"https:\/\/2beeparents.pt\/conteudo-restrito\/#breadcrumb"},"inLanguage":"en-US","potentialAction":[{"@type":"ReadAction","target":["https:\/\/2beeparents.pt\/conteudo-restrito\/"]}]},{"@type":"ImageObject","inLanguage":"en-US","@id":"https:\/\/2beeparents.pt\/conteudo-restrito\/#primaryimage","url":"https:\/\/2beeparents.pt\/wp-content\/uploads\/2026\/04\/about.png","contentUrl":"https:\/\/2beeparents.pt\/wp-content\/uploads\/2026\/04\/about.png"},{"@type":"BreadcrumbList","@id":"https:\/\/2beeparents.pt\/conteudo-restrito\/#breadcrumb","itemListElement":[{"@type":"ListItem","position":1,"name":"Home","item":"https:\/\/2beeparents.pt\/"},{"@type":"ListItem","position":2,"name":"Conte\u00fado Restrito"}]},{"@type":"WebSite","@id":"https:\/\/2beeparents.pt\/#website","url":"https:\/\/2beeparents.pt\/","name":"2BeeParents","description":"","publisher":{"@id":"https:\/\/2beeparents.pt\/#organization"},"potentialAction":[{"@type":"SearchAction","target":{"@type":"EntryPoint","urlTemplate":"https:\/\/2beeparents.pt\/?s={search_term_string}"},"query-input":{"@type":"PropertyValueSpecification","valueRequired":true,"valueName":"search_term_string"}}],"inLanguage":"en-US"},{"@type":"Organization","@id":"https:\/\/2beeparents.pt\/#organization","name":"2BeeParents","url":"https:\/\/2beeparents.pt\/","logo":{"@type":"ImageObject","inLanguage":"en-US","@id":"https:\/\/2beeparents.pt\/#\/schema\/logo\/image\/","url":"https:\/\/2beeparents.pt\/wp-content\/uploads\/2024\/11\/2-bee-parents.png","contentUrl":"https:\/\/2beeparents.pt\/wp-content\/uploads\/2024\/11\/2-bee-parents.png","width":1000,"height":336,"caption":"2BeeParents"},"image":{"@id":"https:\/\/2beeparents.pt\/#\/schema\/logo\/image\/"}}]}},"_links":{"self":[{"href":"https:\/\/2beeparents.pt\/en\/wp-json\/wp\/v2\/pages\/6213","targetHints":{"allow":["GET"]}}],"collection":[{"href":"https:\/\/2beeparents.pt\/en\/wp-json\/wp\/v2\/pages"}],"about":[{"href":"https:\/\/2beeparents.pt\/en\/wp-json\/wp\/v2\/types\/page"}],"author":[{"embeddable":true,"href":"https:\/\/2beeparents.pt\/en\/wp-json\/wp\/v2\/users\/1"}],"replies":[{"embeddable":true,"href":"https:\/\/2beeparents.pt\/en\/wp-json\/wp\/v2\/comments?post=6213"}],"version-history":[{"count":20,"href":"https:\/\/2beeparents.pt\/en\/wp-json\/wp\/v2\/pages\/6213\/revisions"}],"predecessor-version":[{"id":6566,"href":"https:\/\/2beeparents.pt\/en\/wp-json\/wp\/v2\/pages\/6213\/revisions\/6566"}],"wp:attachment":[{"href":"https:\/\/2beeparents.pt\/en\/wp-json\/wp\/v2\/media?parent=6213"}],"curies":[{"name":"wp","href":"https:\/\/api.w.org\/{rel}","templated":true}]}}